{"id":302,"date":"2021-04-27T13:42:52","date_gmt":"2021-04-27T11:42:52","guid":{"rendered":"https:\/\/rebiketaller.com\/?page_id=302"},"modified":"2021-04-27T16:57:35","modified_gmt":"2021-04-27T14:57:35","slug":"politica-de-cookies","status":"publish","type":"page","link":"https:\/\/rebiketaller.com\/ca\/politica-de-cookies\/","title":{"rendered":"Pol\u00edtica de Cookies"},"content":{"rendered":"<h2>Requerim del teu consentiment<\/h2>\n<p>T&#8217;informem que podem utilitzar cookies en el teu equip a condici\u00f3 de que hagis donat el teu consentiment.<\/p>\n<p>En cas que prestis el teu consentiment, a <strong>Rebike Taller<\/strong> utilitzem cookies pr\u00f2pies i de tercers per millorar la teva experi\u00e8ncia a <strong>www.rebiketaller.com<\/strong> per a millorar els nostres serveis y personalitzar y analitzar la teva navegaci\u00f3 al nostre lloc web, aix\u00ed com fer oferir publicitat, si s\u2019escau.. Volem informar-te de manera clara i precisa sobre les cookies que utilitzem, detallant a continuaci\u00f3, que \u00e9s una cookie, per a qu\u00e8 serveix, quins tipus de cookies utilitzem, quina \u00e9s la seva finalitat i com les pots configurar o inhabilitar si aix\u00ed ho desitges.<\/p>\n<p>Mai guardem les dades personals dels nostres usuaris, a excepci\u00f3 de l&#8217;adre\u00e7a IP d&#8217;acord al descrit posteriorment.<\/p>\n<p>En navegar i continuar en la nostra web, un cop consentit l\u2019\u00fas de les cookies, ens indiques que est\u00e0s consentint tamb\u00e9 les condicions contingudes en la present Pol\u00edtica de Cookies.<\/p>\n<p>T&#8217;informem que en qualsevol moment pots rebutjar o configurar l&#8217;\u00fas de <em>cookies<\/em> a trav\u00e9s del seg\u00fcent panell de configuraci\u00f3:<\/p>\n<p><a href=\"..\/#gdpr_cookie_modal\">CONFIGURACI\u00d3 DE COOKIES<\/a><\/p>\n<p>&nbsp;<\/p>\n<h2>Qu\u00e8 \u00e9s una cookie i per a qu\u00e8 serveix?<\/h2>\n<p>Una &#8220;Cookie&#8221; \u00e9s un petit arxiu que s&#8217;emmagatzema a l&#8217;ordinador de l&#8217;usuari, tauleta (tablet), tel\u00e8fon intel\u00b7ligent (smartphone) o qualsevol altre dispositiu amb informaci\u00f3 sobre la navegaci\u00f3 per internet.<\/p>\n<p>El conjunt de &#8220;cookies&#8221; de tots els nostres usuaris ens ajuda a millorar la qualitat de la nostra web, permetent-nos controlar quines p\u00e0gines s\u00f3n \u00fatils, quines no i quines s\u00f3n susceptibles de millora.<\/p>\n<p>Les cookies s\u00f3n essencials per al funcionament d&#8217;internet, aportant innombrables avantatges en la prestaci\u00f3 de serveis interactius, facilitant la navegaci\u00f3 i usabilitat de la nostra web.<\/p>\n<p>En cap cas les cookies poden malmetre el teu equip. Per contra, el que estiguin actives ens ajuda a identificar i resoldre determinats errors.<\/p>\n<p>&nbsp;<\/p>\n<h2>Quins tipus de cookies utilitzem?<\/h2>\n<h3>Segons l&#8217;entitat que la gestiona:<\/h3>\n<ul>\n<li><strong>cookies pr\u00f2pies:<\/strong> S\u00f3n aquelles que s&#8217;envien al teu equip des dels nostres propis equips o dominis i des del que prestem el servei que ens demanes.<\/li>\n<li><strong>cookies de tercers:<\/strong> S\u00f3n aquelles que s&#8217;envien al teu equip des d&#8217;un equip o domini que no \u00e9s gestionat per nosaltres, sin\u00f3 per una altra entitat col\u00b7laboradora. Com per exemple, les usades per xarxes socials, o per contingut extern com Google Maps.<\/li>\n<\/ul>\n<h4><\/h4>\n<h3>Segons el termini de temps que romanen activades:<\/h3>\n<ul>\n<li><strong>cookies de sessi\u00f3:<\/strong> S\u00f3n cookies temporals que romanen a l&#8217;arxiu de cookies del navegador fins que abandones la p\u00e0gina web , de manera que cap queda registrada en el disc dur del teu ordinador. La informaci\u00f3 obtinguda per mitj\u00e0 d&#8217;aquestes cookies, serveixen per analitzar pautes de tr\u00e0nsit a la web. A la llarga, aix\u00f2 ens permet proporcionar una millor experi\u00e8ncia per millorar el contingut i facilitar el seu \u00fas.<\/li>\n<li><strong>cookies persistents:<\/strong> S\u00f3n emmagatzemades al disc dur i la nostra web les llegeix cada vegada que fas una nova visita. Una cookie permanent posseeix una data d&#8217;expiraci\u00f3 determinada. La cookie deixar\u00e0 de funcionar despr\u00e9s d&#8217;aquesta data. Aquestes cookies s\u2019utilitzen, generalment, per facilitar els serveis de compra i registre.<\/li>\n<\/ul>\n<h3>Segons la seva finalitat:<\/h3>\n<ul>\n<li><strong>cookies t\u00e8cniques:<\/strong> S\u00f3n aquelles necess\u00e0ries per a la navegaci\u00f3 i el bon funcionament de la nostra p\u00e0gina web. Permeten per exemple, controlar el tr\u00e0nsit i la comunicaci\u00f3 de dades, accedir a continguts d&#8217;acc\u00e9s restringit, realitzar el proc\u00e9s de compra d&#8217;una comanda, utilitzar elements de seguretat, emmagatzemar continguts per poder difondre v\u00eddeos o compartir continguts a trav\u00e9s de xarxes socials.<\/li>\n<li><strong>cookies d&#8217;an\u00e0lisi:<\/strong> S\u00f3n aquelles que ens ajuden a entendre la manera com els visitants interactuen amb la web. Ens permeten quantificar el nombre d&#8217;usuaris i aix\u00ed realitzar el mesurament i an\u00e0lisi estad\u00edstica de la utilitzaci\u00f3 que fan els usuaris dels serveis prestats. Per aix\u00f2 s&#8217;analitza la seva navegaci\u00f3 a la nostra p\u00e0gina web per tal de millorar l&#8217;oferta de continguts i serveis que oferim.<\/li>\n<\/ul>\n<h4><\/h4>\n<h3>Transfer\u00e8ncies Internacionals de Dades:<\/h3>\n<p>S\u2019informa a l\u2019usuari que l\u2019\u00fas de les cookies pertanyents a xarxes publicit\u00e0ries, en la mesura que es visitin p\u00e0gines allotjades en pa\u00efsos amb un nivell de garanties sobre protecci\u00f3 de dades de car\u00e0cter personal, no homologat per la Uni\u00f3 Europea, pot comportar la realitzaci\u00f3 de Transfer\u00e8ncies Internacionals de Dades.<\/p>\n<p>&nbsp;<\/p>\n<h2>Finalitat de cadascuna de les cookies utilitzades:<\/h2>\n<p>A continuaci\u00f3 detallem les cookies utilitzades a la nostra web i la finalitat de les mateixes.<\/p>\n<h3><strong>COOKIES T\u00c8CNIQUES:<\/strong><\/h3>\n<table id=\"desktop\" border=\"1\">\n<thead>\n<tr>\n<td>Nom<\/td>\n<td>Domini<\/td>\n<td>Finalitat<\/td>\n<td>Pr\u00f2pia \/ de Tercers<\/td>\n<\/tr>\n<\/thead>\n<tbody>\n<tr>\n<td>SESSID<\/td>\n<td>.rebiketaller.com<\/td>\n<td>\n<p>Aquesta galeta \u00e9s memoritzada i \u00fanicament t\u00e9 validesa el temps que duri la sessi\u00f3 activa en el lloc web. No grava de forma permanent cap informaci\u00f3 al disc dur de l&#8217;ordinador. Tamb\u00e9 s&#8217;utilitza per garantir que els usuaris que escriguin comentaris al blog siguin humans i no aplicacions automatitzades. D&#8217;aquesta manera es combat el correu brossa.<\/p>\n<p>Funci\u00f3: Aquesta galeta \u00e9s usada pel llenguatge PHP per permetre que les variables de sessi\u00f3 siguin guardades al servidor web. Aquesta galetes \u00e9s essencial per a l&#8217;enviament dels formularis d&#8217;aquest web.<\/td>\n<td>Pr\u00f2pia<\/td>\n<\/tr>\n<tr>\n<td>gdpr[privacy_bar]<br \/>\ngdpr[allowed_cookies]<br \/>\ngdpr[consent_types]<\/td>\n<td>.rebiketaller.com<\/td>\n<td>Cookies utilitzades pel complement GDPR de WordPress per a fer el seguiment de l\u2019acceptaci\u00f3 i la configuraci\u00f3 de cookies, aix\u00ed com la gesti\u00f3 dels diferents tipus de consentiments en relaci\u00f3 al tractament de les dades de car\u00e0cter personal conforme al Reglament General de Protecci\u00f3 de Dades de la UE (GDPR).<\/td>\n<td>Pr\u00f2pia<\/td>\n<\/tr>\n<\/tbody>\n<\/table>\n<p>&nbsp;<\/p>\n<div id=\"mobile\"><strong>Nom: <\/strong>SESSID<\/p>\n<p><strong>Domini: <\/strong>.rebiketaller.com<br \/>\n<strong>Finalitat:<\/strong> Aquesta galeta \u00e9s memoritzada i \u00fanicament t\u00e9 validesa el temps que duri la sessi\u00f3 activa en el lloc web. No grava de forma permanent cap informaci\u00f3 al disc dur de l\u2019ordinador. Tamb\u00e9 s\u2019utilitza per garantir que els usuaris que escriguin comentaris al blog siguin humans i no aplicacions automatitzades. D\u2019aquesta manera es combat el correu brossa.<\/p>\n<p>Funci\u00f3: Aquesta galeta \u00e9s usada pel llenguatge PHP per permetre que les variables de sessi\u00f3 siguin guardades al servidor web. Aquesta galetes \u00e9s essencial per a l\u2019enviament dels formularis d\u2019aquest web.<br \/>\n<strong>Pr\u00f2pia \/ de Tercers:<\/strong> Pr\u00f2pia<\/p>\n<p><strong>Nom:<\/strong><br \/>\ngdpr[privacy_bar]<br \/>\ngdpr[allowed_cookies]<br \/>\ngdpr[consent_types]<\/p>\n<p><strong>Domini:<\/strong><br \/>\n.rebiketaller.com<\/p>\n<p><strong>Finalitat:<\/strong><br \/>\nCookies utilitzades pel complement GDPR de WordPress per a fer el seguiment de l\u2019acceptaci\u00f3 i la configuraci\u00f3 de cookies, aix\u00ed com la gesti\u00f3 dels diferents tipus de consentiments en relaci\u00f3 al tractament de les dades de car\u00e0cter personal conforme al Reglament General de Protecci\u00f3 de Dades de la UE (GDPR).<\/p>\n<p><strong>Pr\u00f2pia \/ de Tercers:<\/strong> Pr\u00f2pia<\/p>\n<\/div>\n<p>NOTA: Aquesta llista s&#8217;actualitzar\u00e0 amb la major celeritat possible a mesura que canvi\u00efn els serveis del lloc web oferts en el mateix. No obstant aix\u00f2, ocasionalment durant aquesta actualitzaci\u00f3 pot ser que la llista no inclogui ja alguna cookie, encara que sempre es referir\u00e0 a cookies amb prop\u00f2sits id\u00e8ntics als registrats en aquesta llista.<\/p>\n<p>&nbsp;<\/p>\n<h2>Com pots configurar o desactivar les cookies?<\/h2>\n<p>Pots permetre, bloquejar o eliminar les cookies instal\u00b7lades en el teu equip mitjan\u00e7ant la configuraci\u00f3 de les opcions del navegador d&#8217;Internet. En cas que no permetis la instal\u00b7laci\u00f3 de cookies al teu navegador \u00e9s possible que no puguis accedir a alguns dels serveis i que la teva experi\u00e8ncia a la nostra web pugui resultar menys satisfact\u00f2ria.<\/p>\n<p>En els seg\u00fcents enlla\u00e7os tens a la teva disposici\u00f3 tota la informaci\u00f3 per configurar o desactivar les cookies a cada navegador:<\/p>\n<ul>\n<li><a href=\"http:\/\/support.google.com\/chrome\/answer\/95647?hl=es\" target=\"_blank\" rel=\"noopener\">Google Chrome<\/a><\/li>\n<li><a href=\"https:\/\/support.mozilla.org\/es\/kb\/habilitar-y-deshabilitar-cookies-que-los-sitios-we\" target=\"_blank\" rel=\"noopener\">Mozilla Firefox<\/a><\/li>\n<li><a href=\"http:\/\/windows.microsoft.com\/es-es\/windows-vista\/block-or-allow-cookies\" target=\"_blank\" rel=\"noopener\">Internet Explorer<\/a><\/li>\n<li><a href=\"http:\/\/support.apple.com\/kb\/PH17191?viewlocale=es_ES&amp;locale=en_US\" target=\"_blank\" rel=\"noopener\">Safari<\/a><\/li>\n<li><a href=\"http:\/\/support.apple.com\/kb\/ht1677?viewlocale=es_es\" target=\"_blank\" rel=\"noopener\">Safari per IOS<\/a> (iPhone i iPad)<\/li>\n<li><a href=\"http:\/\/support.google.com\/chrome\/answer\/2392971?hl=es\" target=\"_blank\" rel=\"noopener\">Chrome per Android<\/a><\/li>\n<li><a href=\"http:\/\/www.macromedia.com\/support\/documentation\/es\/flashplayer\/help\/settings_manager03.html\" target=\"_blank\" rel=\"noopener\">Configuraci\u00f3 de galetes Flash<\/a><\/li>\n<\/ul>\n<p>&nbsp;<\/p>\n<p><em>Versi\u00f3 27\/04\/2021<\/em><\/p>\n<p>&nbsp;<\/p>\n<p>&nbsp;<\/p>\n<p>&nbsp;<\/p>\n<p>&nbsp;<\/p>\n<p>&nbsp;<\/p>\n","protected":false},"excerpt":{"rendered":"<p>Requerim del teu consentiment T&#8217;informem que podem utilitzar cookies en el teu equip a condici\u00f3 de que hagis donat el teu consentiment. En cas que prestis el teu consentiment, a Rebike Taller utilitzem cookies pr\u00f2pies i de tercers per millorar la teva experi\u00e8ncia a www.rebiketaller.com per a millorar els nostres serveis y personalitzar y analitzar &hellip; <a href=\"https:\/\/rebiketaller.com\/ca\/politica-de-cookies\/\">Continued<\/a><\/p>\n","protected":false},"author":1,"featured_media":155,"parent":0,"menu_order":80,"comment_status":"closed","ping_status":"closed","template":"template-politica-de-cookies.blade.php","meta":{"_acf_changed":false,"footnotes":""},"class_list":["post-302","page","type-page","status-publish","has-post-thumbnail","hentry"],"acf":[],"_links":{"self":[{"href":"https:\/\/rebiketaller.com\/ca\/wp-json\/wp\/v2\/pages\/302","targetHints":{"allow":["GET"]}}],"collection":[{"href":"https:\/\/rebiketaller.com\/ca\/wp-json\/wp\/v2\/pages"}],"about":[{"href":"https:\/\/rebiketaller.com\/ca\/wp-json\/wp\/v2\/types\/page"}],"author":[{"embeddable":true,"href":"https:\/\/rebiketaller.com\/ca\/wp-json\/wp\/v2\/users\/1"}],"replies":[{"embeddable":true,"href":"https:\/\/rebiketaller.com\/ca\/wp-json\/wp\/v2\/comments?post=302"}],"version-history":[{"count":0,"href":"https:\/\/rebiketaller.com\/ca\/wp-json\/wp\/v2\/pages\/302\/revisions"}],"wp:featuredmedia":[{"embeddable":true,"href":"https:\/\/rebiketaller.com\/ca\/wp-json\/wp\/v2\/media\/155"}],"wp:attachment":[{"href":"https:\/\/rebiketaller.com\/ca\/wp-json\/wp\/v2\/media?parent=302"}],"curies":[{"name":"wp","href":"https:\/\/api.w.org\/{rel}","templated":true}]}}